{"id":712,"date":"2022-07-28T19:50:43","date_gmt":"2022-07-28T19:50:43","guid":{"rendered":"https:\/\/epic.parts\/?post_type=product&#038;p=712"},"modified":"2025-07-07T19:18:35","modified_gmt":"2025-07-07T19:18:35","slug":"suspension-control-arm-bushing","status":"publish","type":"product","link":"https:\/\/epic.parts\/es\/producto\/suspension-control-arm-bushing\/","title":{"rendered":"BUJE DEL BRAZO DE CONTROL DE SUSPENSI\u00d3N"},"content":{"rendered":"<!--themify_builder_content-->\n<div id=\"themify_builder_content-712\" data-postid=\"712\" class=\"themify_builder_content themify_builder_content-712 themify_builder tf_clear\">\n                    <div  data-lazy=\"1\" class=\"module_row themify_builder_row tb_g81o845 tb_first tf_w\">\n                        <div class=\"row_inner col_align_top tb_col_count_1 tf_box tf_rel\">\n                        <div  data-lazy=\"1\" class=\"module_column tb-column col-full tb_rxzo846 first\">\n                    <!-- module text -->\n<div  class=\"module module-text tb_lskk69\" data-lazy=\"1\">\n        <div  class=\"tb_text_wrap\">\n        <div id=\"themify_builder_content-49\" class=\"themify_builder_content themify_builder_content-49 themify_builder tf_clear\" data-postid=\"49\"><div class=\"module_row themify_builder_row tb_gw9e422 tb_first tf_clearfix\"><div class=\"row_inner col_align_top col-count-1 tf_box tf_w tf_rel\"><div class=\"module_column tb-column col-full tb_ujb3145 tf_box last\"><div class=\"tb-column-inner tf_box tf_w\"><div class=\"module module-text tb_o1c9150\"><div class=\"tb_text_wrap\"><p><strong>CARACTER\u00cdSTICAS:<\/strong><\/p><ul><li>Pieza dise\u00f1ada para su marca, modelo y a\u00f1o<\/li><li>Elaborado con materiales de primera calidad para un servicio duradero<\/li><li>Hecho para adaptarse perfectamente a su veh\u00edculo espec\u00edfico para una instalaci\u00f3n r\u00e1pida y sin modificaciones.<\/li><\/ul><\/div><\/div><\/div><\/div><\/div><\/div><\/div>    <\/div>\n<\/div>\n<!-- \/module text -->        <\/div>\n                        <\/div>\n        <\/div>\n        <\/div>\n<!--\/themify_builder_content-->","protected":false},"excerpt":{"rendered":"<p>FEATURES: Part designed for your make, model and year Crafted from premium materials for long-lasting service Made to perfectly fit your specific vehicle for a quick, modification-free installation.<\/p>","protected":false},"featured_media":713,"template":"","meta":[],"product_brand":[],"product_cat":[19],"product_tag":[],"class_list":{"0":"post-712","1":"product","2":"type-product","3":"status-publish","4":"has-post-thumbnail","6":"product_cat-front-suspension","7":"has-post-title","8":"has-post-date","9":"has-post-category","10":"has-post-tag","11":"has-post-comment","12":"has-post-author","13":"","15":"first","16":"instock","17":"shipping-taxable","18":"product-type-simple"},"_links":{"self":[{"href":"https:\/\/epic.parts\/es\/wp-json\/wp\/v2\/product\/712","targetHints":{"allow":["GET"]}}],"collection":[{"href":"https:\/\/epic.parts\/es\/wp-json\/wp\/v2\/product"}],"about":[{"href":"https:\/\/epic.parts\/es\/wp-json\/wp\/v2\/types\/product"}],"wp:featuredmedia":[{"embeddable":true,"href":"https:\/\/epic.parts\/es\/wp-json\/wp\/v2\/media\/713"}],"wp:attachment":[{"href":"https:\/\/epic.parts\/es\/wp-json\/wp\/v2\/media?parent=712"}],"wp:term":[{"taxonomy":"product_brand","embeddable":true,"href":"https:\/\/epic.parts\/es\/wp-json\/wp\/v2\/product_brand?post=712"},{"taxonomy":"product_cat","embeddable":true,"href":"https:\/\/epic.parts\/es\/wp-json\/wp\/v2\/product_cat?post=712"},{"taxonomy":"product_tag","embeddable":true,"href":"https:\/\/epic.parts\/es\/wp-json\/wp\/v2\/product_tag?post=712"}],"curies":[{"name":"wp","href":"https:\/\/api.w.org\/{rel}","templated":true}]}}