{"id":598,"date":"2022-06-17T17:57:56","date_gmt":"2022-06-17T17:57:56","guid":{"rendered":"https:\/\/epic.parts\/?post_type=product&#038;p=598"},"modified":"2024-09-09T18:58:46","modified_gmt":"2024-09-09T18:58:46","slug":"chain-engine-kit-47-8-cyl","status":"publish","type":"product","link":"https:\/\/epic.parts\/es\/producto\/chain-engine-kit-47-8-cyl\/","title":{"rendered":"KIT CADENA TIEMPO 4.7 8 CYL"},"content":{"rendered":"<!--themify_builder_content-->\n<div id=\"themify_builder_content-598\" data-postid=\"598\" class=\"themify_builder_content themify_builder_content-598 themify_builder tf_clear\">\n                    <div  data-lazy=\"1\" class=\"module_row themify_builder_row tb_j2nu576 tb_first tf_w\">\n                        <div class=\"row_inner col_align_top tb_col_count_1 tf_box tf_rel\">\n                        <div  data-lazy=\"1\" class=\"module_column tb-column col-full tb_8knm578 first\">\n                    <!-- module text -->\n<div  class=\"module module-text tb_kl7s429\" data-lazy=\"1\">\n        <div  class=\"tb_text_wrap\">\n        <p>CARACTER\u00cdSTICAS:<\/p><p>Pieza dise\u00f1ada para su marca, modelo y a\u00f1o<\/p><p>Elaborado con materiales de primera calidad para un servicio duradero<\/p><p>Hecho para adaptarse perfectamente a su veh\u00edculo espec\u00edfico para una instalaci\u00f3n r\u00e1pida y sin modificaciones.<\/p>    <\/div>\n<\/div>\n<!-- \/module text -->        <\/div>\n                        <\/div>\n        <\/div>\n        <\/div>\n<!--\/themify_builder_content-->","protected":false},"excerpt":{"rendered":"<p>FEATURES: Part designed for your make, model and year Crafted from premium materials for long-lasting service Made to perfectly fit your specific vehicle for a quick, modification-free installation.<\/p>","protected":false},"featured_media":976,"template":"","meta":[],"product_brand":[],"product_cat":[101],"product_tag":[],"class_list":{"0":"post-598","1":"product","2":"type-product","3":"status-publish","4":"has-post-thumbnail","6":"product_cat-chain-engine-kit","7":"has-post-title","8":"has-post-date","9":"has-post-category","10":"has-post-tag","11":"has-post-comment","12":"has-post-author","13":"","15":"first","16":"instock","17":"shipping-taxable","18":"product-type-simple"},"_links":{"self":[{"href":"https:\/\/epic.parts\/es\/wp-json\/wp\/v2\/product\/598","targetHints":{"allow":["GET"]}}],"collection":[{"href":"https:\/\/epic.parts\/es\/wp-json\/wp\/v2\/product"}],"about":[{"href":"https:\/\/epic.parts\/es\/wp-json\/wp\/v2\/types\/product"}],"wp:featuredmedia":[{"embeddable":true,"href":"https:\/\/epic.parts\/es\/wp-json\/wp\/v2\/media\/976"}],"wp:attachment":[{"href":"https:\/\/epic.parts\/es\/wp-json\/wp\/v2\/media?parent=598"}],"wp:term":[{"taxonomy":"product_brand","embeddable":true,"href":"https:\/\/epic.parts\/es\/wp-json\/wp\/v2\/product_brand?post=598"},{"taxonomy":"product_cat","embeddable":true,"href":"https:\/\/epic.parts\/es\/wp-json\/wp\/v2\/product_cat?post=598"},{"taxonomy":"product_tag","embeddable":true,"href":"https:\/\/epic.parts\/es\/wp-json\/wp\/v2\/product_tag?post=598"}],"curies":[{"name":"wp","href":"https:\/\/api.w.org\/{rel}","templated":true}]}}