{"id":536,"date":"2022-06-06T14:06:30","date_gmt":"2022-06-06T14:06:30","guid":{"rendered":"https:\/\/epic.parts\/?post_type=product&#038;p=536"},"modified":"2023-11-15T15:43:45","modified_gmt":"2023-11-15T15:43:45","slug":"upper-control-arm-3","status":"publish","type":"product","link":"https:\/\/epic.parts\/es\/producto\/upper-control-arm-3\/","title":{"rendered":"BRAZO CONTROL SUPERIOR"},"content":{"rendered":"<!--themify_builder_content-->\n<div id=\"themify_builder_content-536\" data-postid=\"536\" class=\"themify_builder_content themify_builder_content-536 themify_builder tf_clear\">\n                    <div  data-lazy=\"1\" class=\"module_row themify_builder_row tb_dmk4427 tb_first tf_w\">\n                        <div class=\"row_inner col_align_top tb_col_count_1 tf_box tf_rel\">\n                        <div  data-lazy=\"1\" class=\"module_column tb-column col-full tb_8mxo428 first\">\n                    <!-- module text -->\n<div  class=\"module module-text tb_zxns550\" data-lazy=\"1\">\n        <div  class=\"tb_text_wrap\">\n        <p><strong>CARACTER\u00cdSTICAS:<\/strong><\/p><ul><li>Pieza dise\u00f1ada para su marca, modelo y a\u00f1o<\/li><li>Elaborado con materiales de primera calidad para un servicio duradero<\/li><li>Hecho para adaptarse perfectamente a su veh\u00edculo espec\u00edfico para una instalaci\u00f3n r\u00e1pida y sin modificaciones.<\/li><\/ul>    <\/div>\n<\/div>\n<!-- \/module text -->        <\/div>\n                        <\/div>\n        <\/div>\n        <\/div>\n<!--\/themify_builder_content-->","protected":false},"excerpt":{"rendered":"<p>FEATURES:Part designed for your brand, model and yearCrafted from premium materials for long-lasting serviceMade to perfectly fit your specific vehicle for a quick, modification-free installation.<\/p>","protected":false},"featured_media":1008,"template":"","meta":[],"product_brand":[],"product_cat":[43],"product_tag":[],"class_list":{"0":"post-536","1":"product","2":"type-product","3":"status-publish","4":"has-post-thumbnail","6":"product_cat-lower-control-arm-plateau","7":"has-post-title","8":"has-post-date","9":"has-post-category","10":"has-post-tag","11":"has-post-comment","12":"has-post-author","13":"","15":"first","16":"instock","17":"shipping-taxable","18":"product-type-simple"},"_links":{"self":[{"href":"https:\/\/epic.parts\/es\/wp-json\/wp\/v2\/product\/536","targetHints":{"allow":["GET"]}}],"collection":[{"href":"https:\/\/epic.parts\/es\/wp-json\/wp\/v2\/product"}],"about":[{"href":"https:\/\/epic.parts\/es\/wp-json\/wp\/v2\/types\/product"}],"wp:featuredmedia":[{"embeddable":true,"href":"https:\/\/epic.parts\/es\/wp-json\/wp\/v2\/media\/1008"}],"wp:attachment":[{"href":"https:\/\/epic.parts\/es\/wp-json\/wp\/v2\/media?parent=536"}],"wp:term":[{"taxonomy":"product_brand","embeddable":true,"href":"https:\/\/epic.parts\/es\/wp-json\/wp\/v2\/product_brand?post=536"},{"taxonomy":"product_cat","embeddable":true,"href":"https:\/\/epic.parts\/es\/wp-json\/wp\/v2\/product_cat?post=536"},{"taxonomy":"product_tag","embeddable":true,"href":"https:\/\/epic.parts\/es\/wp-json\/wp\/v2\/product_tag?post=536"}],"curies":[{"name":"wp","href":"https:\/\/api.w.org\/{rel}","templated":true}]}}