{"id":2112,"date":"2025-11-18T13:49:42","date_gmt":"2025-11-18T13:49:42","guid":{"rendered":"https:\/\/epic.parts\/?post_type=product&#038;p=2112"},"modified":"2026-03-06T18:51:09","modified_gmt":"2026-03-06T18:51:09","slug":"right-stabilizer-bar-link","status":"publish","type":"product","link":"https:\/\/epic.parts\/es\/producto\/right-stabilizer-bar-link\/","title":{"rendered":"BARRA ESTABILIZADORA DERECHA"},"content":{"rendered":"<!--themify_builder_content-->\n<div id=\"themify_builder_content-2112\" data-postid=\"2112\" class=\"themify_builder_content themify_builder_content-2112 themify_builder tf_clear\">\n                    <div  data-lazy=\"1\" class=\"module_row themify_builder_row tb_otws742 tb_first tf_w\">\n                        <div class=\"row_inner col_align_top tb_col_count_1 tf_box tf_rel\">\n                        <div  data-lazy=\"1\" class=\"module_column tb-column col-full tb_b5vw742 first\">\n                    <!-- module text -->\n<div  class=\"module module-text tb_yv7h511\" data-lazy=\"1\">\n        <div  class=\"tb_text_wrap\">\n        <p><strong>CARACTER\u00cdSTICAS:<\/strong><\/p><ul><li>Pieza dise\u00f1ada para su marca, modelo y a\u00f1o<\/li><li>Elaborado con materiales de primera calidad para un servicio duradero<\/li><li>Hecho para adaptarse perfectamente a su veh\u00edculo espec\u00edfico para una instalaci\u00f3n r\u00e1pida y sin modificaciones.<\/li><\/ul>    <\/div>\n<\/div>\n<!-- \/module text -->        <\/div>\n                        <\/div>\n        <\/div>\n        <\/div>\n<!--\/themify_builder_content-->","protected":false},"excerpt":{"rendered":"<p>FEATURES: Part designed for your make, model and year Crafted from premium materials for long-lasting service Made to perfectly fit your specific vehicle for a quick, modification-free installation.<\/p>","protected":false},"featured_media":2265,"template":"","meta":[],"product_brand":[],"product_cat":[19,76,18],"product_tag":[],"class_list":{"0":"post-2112","1":"product","2":"type-product","3":"status-publish","4":"has-post-thumbnail","6":"product_cat-front-suspension","7":"product_cat-right-front","8":"product_cat-suspension","9":"has-post-title","10":"has-post-date","11":"has-post-category","12":"has-post-tag","13":"has-post-comment","14":"has-post-author","15":"","17":"first","18":"instock","19":"shipping-taxable","20":"product-type-simple"},"_links":{"self":[{"href":"https:\/\/epic.parts\/es\/wp-json\/wp\/v2\/product\/2112","targetHints":{"allow":["GET"]}}],"collection":[{"href":"https:\/\/epic.parts\/es\/wp-json\/wp\/v2\/product"}],"about":[{"href":"https:\/\/epic.parts\/es\/wp-json\/wp\/v2\/types\/product"}],"wp:featuredmedia":[{"embeddable":true,"href":"https:\/\/epic.parts\/es\/wp-json\/wp\/v2\/media\/2265"}],"wp:attachment":[{"href":"https:\/\/epic.parts\/es\/wp-json\/wp\/v2\/media?parent=2112"}],"wp:term":[{"taxonomy":"product_brand","embeddable":true,"href":"https:\/\/epic.parts\/es\/wp-json\/wp\/v2\/product_brand?post=2112"},{"taxonomy":"product_cat","embeddable":true,"href":"https:\/\/epic.parts\/es\/wp-json\/wp\/v2\/product_cat?post=2112"},{"taxonomy":"product_tag","embeddable":true,"href":"https:\/\/epic.parts\/es\/wp-json\/wp\/v2\/product_tag?post=2112"}],"curies":[{"name":"wp","href":"https:\/\/api.w.org\/{rel}","templated":true}]}}