{"id":1400,"date":"2024-04-22T13:58:26","date_gmt":"2024-04-22T13:58:26","guid":{"rendered":"https:\/\/epic.parts\/?post_type=product&#038;p=1400"},"modified":"2024-04-24T20:26:30","modified_gmt":"2024-04-24T20:26:30","slug":"suspension-shock-absorber-7","status":"publish","type":"product","link":"https:\/\/epic.parts\/es\/producto\/suspension-shock-absorber-7\/","title":{"rendered":"AMORTIGUADOR SUSPENSI\u00d3N TRASERA"},"content":{"rendered":"<!--themify_builder_content-->\n<div id=\"themify_builder_content-1400\" data-postid=\"1400\" class=\"themify_builder_content themify_builder_content-1400 themify_builder tf_clear\">\n                    <div  data-lazy=\"1\" class=\"module_row themify_builder_row tb_rrvu140 tb_first tf_w\">\n                        <div class=\"row_inner col_align_top tb_col_count_1 tf_box tf_rel\">\n                        <div  data-lazy=\"1\" class=\"module_column tb-column col-full tb_empl140 first\">\n                    <!-- module text -->\n<div  class=\"module module-text tb_5b1p407\" data-lazy=\"1\">\n        <div  class=\"tb_text_wrap\">\n        <p><strong>CARACTER\u00cdSTICAS:<\/strong><\/p><ul><li>Pieza dise\u00f1ada para su marca, modelo y a\u00f1o<\/li><li>Elaborado con materiales de primera calidad para un servicio duradero<\/li><li>Hecho para adaptarse perfectamente a su veh\u00edculo espec\u00edfico para una instalaci\u00f3n r\u00e1pida y sin modificaciones.<\/li><\/ul>    <\/div>\n<\/div>\n<!-- \/module text -->        <\/div>\n                        <\/div>\n        <\/div>\n        <\/div>\n<!--\/themify_builder_content-->","protected":false},"excerpt":{"rendered":"<p>FEATURES: Part designed for your make, model and year Crafted from premium materials for long-lasting service Made to perfectly fit your specific vehicle for a quick, modification-free installation.<\/p>","protected":false},"featured_media":1388,"template":"","meta":[],"product_brand":[],"product_cat":[22,18],"product_tag":[],"class_list":{"0":"post-1400","1":"product","2":"type-product","3":"status-publish","4":"has-post-thumbnail","6":"product_cat-rear-suspension","7":"product_cat-suspension","8":"has-post-title","9":"has-post-date","10":"has-post-category","11":"has-post-tag","12":"has-post-comment","13":"has-post-author","14":"","16":"first","17":"instock","18":"shipping-taxable","19":"product-type-simple"},"_links":{"self":[{"href":"https:\/\/epic.parts\/es\/wp-json\/wp\/v2\/product\/1400","targetHints":{"allow":["GET"]}}],"collection":[{"href":"https:\/\/epic.parts\/es\/wp-json\/wp\/v2\/product"}],"about":[{"href":"https:\/\/epic.parts\/es\/wp-json\/wp\/v2\/types\/product"}],"wp:featuredmedia":[{"embeddable":true,"href":"https:\/\/epic.parts\/es\/wp-json\/wp\/v2\/media\/1388"}],"wp:attachment":[{"href":"https:\/\/epic.parts\/es\/wp-json\/wp\/v2\/media?parent=1400"}],"wp:term":[{"taxonomy":"product_brand","embeddable":true,"href":"https:\/\/epic.parts\/es\/wp-json\/wp\/v2\/product_brand?post=1400"},{"taxonomy":"product_cat","embeddable":true,"href":"https:\/\/epic.parts\/es\/wp-json\/wp\/v2\/product_cat?post=1400"},{"taxonomy":"product_tag","embeddable":true,"href":"https:\/\/epic.parts\/es\/wp-json\/wp\/v2\/product_tag?post=1400"}],"curies":[{"name":"wp","href":"https:\/\/api.w.org\/{rel}","templated":true}]}}